{"id":22,"date":"2016-10-27T14:11:57","date_gmt":"2016-10-27T12:11:57","guid":{"rendered":"https:\/\/kogge.dsm.museum\/?page_id=22"},"modified":"2016-10-27T14:11:57","modified_gmt":"2016-10-27T12:11:57","slug":"ueber-das-blog","status":"publish","type":"page","link":"https:\/\/kogge.dsm.museum\/index.php\/ueber-das-blog\/","title":{"rendered":"\u00dcber das Blog"},"content":{"rendered":"<p>Das Deutsche Schiffahrtsmuseum begibt sich auf neuen Kurs! Das Museumsgeb\u00e4ude von Hans Scharoun wird saniert, um dort den ersten Teil einer neuen Ausstellung zu zeigen \u2013 ein Schiffswrack mit einer ganz eigenen spannenden Geschichte: die Bremer Kogge von 1380, deren Fund in der Weser 1962 letztlich zur sp\u00e4teren Gr\u00fcndung des Museums f\u00fchrte und nun den Ausgangspunkt der grundlegenden Neugestaltung bildet.<\/p>\n<p>Die neue Ausstellung geht vom Objekt selbst aus. Im Kogge-Haus wird ein Bezug zwischen der Kogge und dem Ort ihrer Konservierungsgeschichte hergestellt. Auf drei unterschiedlichen Ebenen kann das Schiff sehr nah betrachtet werden. Gezeigt wird<\/p>\n<ul>\n<li>wie die Kogge vor 600 Jahren erstmals gebaut wurde und welche Forschungsfragen wir heute daran kn\u00fcpfen,<\/li>\n<li>wie man sich vor 100 Jahren die in Originalgr\u00f6\u00dfe bis dahin unbekannte Kogge vorstellte und wie wir sie heute wahrnehmen,<\/li>\n<li>wie die Kogge vor 40 Jahren, mit Gr\u00fcndung des Museums, von modernen Bootsbauern noch einmal neu aufgebaut wurde und welche Bedeutung sie noch immer f\u00fcr die Forschung hat.<\/li>\n<\/ul>\n<p>In diesem Blog begleiten wir die Umgestaltung &#8211; von der Schlie\u00dfung der Kogge-Halle \u00fcber ihre Sanierung und den Aufbau der neuen Ausstellung bis hin zur Wiederer\u00f6ffnung. Im Mittelpunkt steht die Bremer Kogge. Es geht um ihren Fund, ihre Aufbereitung f\u00fcr die Nachwelt und um den momentanen Umbau der Kogge-Halle. Auch das Leben an Board sowie der Bau der Kogge spielen ein gro\u00dfes Thema. Au\u00dferdem wird auch \u00fcber Veranstaltungen, die die Kogge betreffen, berichtet und Termine werden bereitgestellt. Da momentan auch eine virtuelle Ausstellung der Kogge geplant ist, k\u00f6nnen Sie sich hier informieren, wann die Ausstellung online geht und weitere Informationen zur Kogge erhalten.<\/p>\n<p>Bertrieben wird dieses Blog durch das Deutsche Schiffahrtsmuseum.<\/p>\n<p>Die redaktionelle Verantwortlichkeit liegt bei Dr. Tobias Wulf. Weitere Autorin ist die studentische Hilfskraft Annalena Fiedler.<\/p>\n<p>F\u00fcr Fragen, Kritik, Anregungen, Feedback oder andere Belange melden Sie sich gerne unter <a href=\"mailto:kogge@dsm.museum\">kogge@dsm.museum<\/a>.<\/p>\n","protected":false},"excerpt":{"rendered":"<p>Das Deutsche Schiffahrtsmuseum begibt sich auf neuen Kurs! Das Museumsgeb\u00e4ude von Hans Scharoun wird saniert, um dort den ersten Teil einer neuen Ausstellung zu zeigen \u2013 ein Schiffswrack mit einer ganz eigenen spannenden Geschichte: die Bremer Kogge von 1380, deren Fund in der Weser 1962 letztlich zur sp\u00e4teren Gr\u00fcndung des Museums f\u00fchrte und nun den [&hellip;]<\/p>\n","protected":false},"author":5,"featured_media":0,"parent":0,"menu_order":0,"comment_status":"closed","ping_status":"closed","template":"","meta":{"footnotes":""},"class_list":["post-22","page","type-page","status-publish","hentry"],"_links":{"self":[{"href":"https:\/\/kogge.dsm.museum\/index.php\/wp-json\/wp\/v2\/pages\/22","targetHints":{"allow":["GET"]}}],"collection":[{"href":"https:\/\/kogge.dsm.museum\/index.php\/wp-json\/wp\/v2\/pages"}],"about":[{"href":"https:\/\/kogge.dsm.museum\/index.php\/wp-json\/wp\/v2\/types\/page"}],"author":[{"embeddable":true,"href":"https:\/\/kogge.dsm.museum\/index.php\/wp-json\/wp\/v2\/users\/5"}],"replies":[{"embeddable":true,"href":"https:\/\/kogge.dsm.museum\/index.php\/wp-json\/wp\/v2\/comments?post=22"}],"version-history":[{"count":7,"href":"https:\/\/kogge.dsm.museum\/index.php\/wp-json\/wp\/v2\/pages\/22\/revisions"}],"predecessor-version":[{"id":57,"href":"https:\/\/kogge.dsm.museum\/index.php\/wp-json\/wp\/v2\/pages\/22\/revisions\/57"}],"wp:attachment":[{"href":"https:\/\/kogge.dsm.museum\/index.php\/wp-json\/wp\/v2\/media?parent=22"}],"curies":[{"name":"wp","href":"https:\/\/api.w.org\/{rel}","templated":true}]}}