{"id":59,"date":"2016-10-27T14:11:38","date_gmt":"2016-10-27T12:11:38","guid":{"rendered":"https:\/\/kogge.dsm.museum\/?page_id=59"},"modified":"2016-10-27T14:18:12","modified_gmt":"2016-10-27T12:18:12","slug":"dsm","status":"publish","type":"page","link":"https:\/\/kogge.dsm.museum\/index.php\/dsm\/","title":{"rendered":"Das Deutsche Schiffahrtsmuseum"},"content":{"rendered":"<p><img loading=\"lazy\" decoding=\"async\" class=\"alignleft wp-image-65 size-medium\" src=\"https:\/\/kogge.dsm.museum\/wp-content\/uploads\/2016\/10\/DSM_Hochseeyacht-DIVA_EgbertLaska-2-286x300.jpg\" alt=\"Hochseeyacht DIVA\" width=\"286\" height=\"300\" srcset=\"https:\/\/kogge.dsm.museum\/wp-content\/uploads\/2016\/10\/DSM_Hochseeyacht-DIVA_EgbertLaska-2-286x300.jpg 286w, https:\/\/kogge.dsm.museum\/wp-content\/uploads\/2016\/10\/DSM_Hochseeyacht-DIVA_EgbertLaska-2-768x806.jpg 768w, https:\/\/kogge.dsm.museum\/wp-content\/uploads\/2016\/10\/DSM_Hochseeyacht-DIVA_EgbertLaska-2-975x1024.jpg 975w\" sizes=\"auto, (max-width: 286px) 100vw, 286px\" \/><\/p>\n<p>&nbsp;<\/p>\n<p>Das 1975 er\u00f6ffnete Deutsche Schiffahrtsmuseum \u2013 Leibniz-Institut f\u00fcr deutsche Schifffahrtsgeschichte ist das gr\u00f6\u00dfte seiner Art in Deutschland.Hauptthema des Forschungsmuseums ist die wechselvolle und folgenreiche Beziehung zwischen Mensch und Meer am Beispiel maritimer Technologien mit einem Schwerpunkt auf Schiffen. Wie nutzt der Mensch das Meer \u2013 gestern und heute? Und wie wollen wir morgen leben?<\/p>\n<p><img loading=\"lazy\" decoding=\"async\" class=\"size-medium wp-image-67 alignright\" src=\"https:\/\/kogge.dsm.museum\/wp-content\/uploads\/2016\/10\/Arbeitsboote-im-Kiesbett_DanielaWittenberg_2-300x198.jpg\" alt=\"Arbeitsboote im Kiesbett\" width=\"300\" height=\"198\" srcset=\"https:\/\/kogge.dsm.museum\/wp-content\/uploads\/2016\/10\/Arbeitsboote-im-Kiesbett_DanielaWittenberg_2-300x198.jpg 300w, https:\/\/kogge.dsm.museum\/wp-content\/uploads\/2016\/10\/Arbeitsboote-im-Kiesbett_DanielaWittenberg_2-768x506.jpg 768w, https:\/\/kogge.dsm.museum\/wp-content\/uploads\/2016\/10\/Arbeitsboote-im-Kiesbett_DanielaWittenberg_2-1024x675.jpg 1024w, https:\/\/kogge.dsm.museum\/wp-content\/uploads\/2016\/10\/Arbeitsboote-im-Kiesbett_DanielaWittenberg_2.jpg 1920w\" sizes=\"auto, (max-width: 300px) 100vw, 300px\" \/><\/p>\n<p>&nbsp;<\/p>\n<p>Im Vordergrund von Forschungs- und Ausstellungsprogramm steht der Gebrauch von Schiffen im Kontext der maritimen Wirtschaft, der Forschungsschifffahrt oder vor dem Hintergrund eines ge\u00e4nderten Umweltverhaltens. Was immer zu diesen Themen geh\u00f6rt, findet sich hier: von Schiffsmodellen \u00fcber Signalwaffen und Seekarten bis hin zu Selbstzeugnissen, Bildern und vielem mehr. Die Objekte und Quellen bilden den Ausgangspunkt einer historischen Sichtweise auf die Erfindung, Nutzung, Erforschung und Reflexion maritimer Technologien.<\/p>\n<p><img loading=\"lazy\" decoding=\"async\" class=\"size-medium wp-image-68 alignleft\" src=\"https:\/\/kogge.dsm.museum\/wp-content\/uploads\/2016\/10\/DSM_Museumshafen_WolfhardScheer1-300x200.jpg\" alt=\"Museumshafen\" width=\"300\" height=\"200\" srcset=\"https:\/\/kogge.dsm.museum\/wp-content\/uploads\/2016\/10\/DSM_Museumshafen_WolfhardScheer1-300x200.jpg 300w, https:\/\/kogge.dsm.museum\/wp-content\/uploads\/2016\/10\/DSM_Museumshafen_WolfhardScheer1-768x511.jpg 768w, https:\/\/kogge.dsm.museum\/wp-content\/uploads\/2016\/10\/DSM_Museumshafen_WolfhardScheer1-1024x682.jpg 1024w, https:\/\/kogge.dsm.museum\/wp-content\/uploads\/2016\/10\/DSM_Museumshafen_WolfhardScheer1-330x220.jpg 330w\" sizes=\"auto, (max-width: 300px) 100vw, 300px\" \/>Mit seiner Themensetzung unter Einbezug einer globalgeschichtlichen Perspektive weist das DSM national und international ein zukunftsorientiertes Alleinstellungsmerkmal auf. Im Rahmen seines kooperativen Forschungs- und Ausstellungsansatzes verbindet das DSM seine eigenen Forschungen mit zwei f\u00fcr das Land Bremen bedeutsamen Wissenschaftsschwerpunkten, den Meeres- und den Sozialwissenschaften. In seiner neuen, ab Winter 2016\/17 sukzessiv in drei Schritten umgesetzten Ausstellung werden neueste Erkenntnisse auf diesen Feldern vermittelt. Durch seine Lage zwischen dem \u00c4stuar der Wese und dem \u00e4ltesten Hafenareal der Stadt, ist die historische Perspektive des DSM eingebettet in die lebendige maritime, von Schifffahrt gepr\u00e4gte Alltagskultur Bremerhavens.<\/p>\n","protected":false},"excerpt":{"rendered":"<p>&nbsp; Das 1975 er\u00f6ffnete Deutsche Schiffahrtsmuseum \u2013 Leibniz-Institut f\u00fcr deutsche Schifffahrtsgeschichte ist das gr\u00f6\u00dfte seiner Art in Deutschland.Hauptthema des Forschungsmuseums ist die wechselvolle und folgenreiche Beziehung zwischen Mensch und Meer am Beispiel maritimer Technologien mit einem Schwerpunkt auf Schiffen. Wie nutzt der Mensch das Meer \u2013 gestern und heute? Und wie wollen wir morgen leben? [&hellip;]<\/p>\n","protected":false},"author":5,"featured_media":0,"parent":0,"menu_order":0,"comment_status":"closed","ping_status":"closed","template":"","meta":{"footnotes":""},"class_list":["post-59","page","type-page","status-publish","hentry"],"_links":{"self":[{"href":"https:\/\/kogge.dsm.museum\/index.php\/wp-json\/wp\/v2\/pages\/59","targetHints":{"allow":["GET"]}}],"collection":[{"href":"https:\/\/kogge.dsm.museum\/index.php\/wp-json\/wp\/v2\/pages"}],"about":[{"href":"https:\/\/kogge.dsm.museum\/index.php\/wp-json\/wp\/v2\/types\/page"}],"author":[{"embeddable":true,"href":"https:\/\/kogge.dsm.museum\/index.php\/wp-json\/wp\/v2\/users\/5"}],"replies":[{"embeddable":true,"href":"https:\/\/kogge.dsm.museum\/index.php\/wp-json\/wp\/v2\/comments?post=59"}],"version-history":[{"count":11,"href":"https:\/\/kogge.dsm.museum\/index.php\/wp-json\/wp\/v2\/pages\/59\/revisions"}],"predecessor-version":[{"id":163,"href":"https:\/\/kogge.dsm.museum\/index.php\/wp-json\/wp\/v2\/pages\/59\/revisions\/163"}],"wp:attachment":[{"href":"https:\/\/kogge.dsm.museum\/index.php\/wp-json\/wp\/v2\/media?parent=59"}],"curies":[{"name":"wp","href":"https:\/\/api.w.org\/{rel}","templated":true}]}}