{"id":744,"date":"2022-10-18T17:09:12","date_gmt":"2022-10-18T15:09:12","guid":{"rendered":"https:\/\/kogge.dsm.museum\/?page_id=744"},"modified":"2022-10-24T13:17:38","modified_gmt":"2022-10-24T11:17:38","slug":"erklaerung-zur-barrierefreiheit","status":"publish","type":"page","link":"https:\/\/kogge.dsm.museum\/index.php\/erklaerung-zur-barrierefreiheit\/","title":{"rendered":"Erkl\u00e4rung zur Barrierefreiheit"},"content":{"rendered":"\n<p>Wir bem\u00fchen uns, diese Webseite barrierefrei zu machen. Die Erkl\u00e4rung zur Barrierefreiheit wird im Bremischen Behindertengleichstellungsgesetz verlangt. Die technischen Anforderungen zur Barrierefreiheit ergeben sich aus der BITV 2.0.<\/p>\n\n\n\n<p>Diese Erkl\u00e4rung zur digitalen Barrierefreiheit gilt f\u00fcr den unter <a href=\"https:\/\/kogge.dsm.museum\">https:\/\/kogge.dsm.museum<\/a> erreichbaren Webseite des Deutschen Schifffahrtsmuseum.<\/p>\n\n\n\n<h2 class=\"wp-block-heading\">Wie barrierefrei ist das Angebot?<\/h2>\n\n\n\n<p>Dieses Angebot ist nicht barrierefrei. Es werden fast keine Anforderungen der BITV 2.0 erf\u00fcllt.<\/p>\n\n\n\n<p>Die \u00dcberpr\u00fcfung der Einhaltung der Anforderungen beruht auf einer am 18.10.2022 durchgef\u00fchrten Selbstbewertung.<\/p>\n\n\n\n<h2 class=\"wp-block-heading\">Welche Bereiche sind nicht barrierefrei?<\/h2>\n\n\n\n<h3 class=\"wp-block-heading\">Bilder<\/h3>\n\n\n\n<ul class=\"wp-block-list\"><li>Beschreibung: Bildern fehlen Alternativ-Texte<\/li><li>Ma\u00dfnahmen: Bei zuk\u00fcnftiger \u00dcberarbeitung der Seite werden den Bildern Alternativ-Texte hinzugef\u00fcgt<\/li><li>Barrierefreie Alternative: Keine<\/li><\/ul>\n\n\n\n<h3 class=\"wp-block-heading\">Suchfunktion<\/h3>\n\n\n\n<ul class=\"wp-block-list\"><li>Beschreibung: Die Suchfunktion hat keine Beschriftung f\u00fcr die Eingabefelder. Der Button zum Starten der Suche hat keine Beschriftung<\/li><li>Ma\u00dfnahmen: Beschriftungen f\u00fcr die Suchfunktion werden bei der n\u00e4chsten \u00dcberarbeitung der Webseite hinzugef\u00fcgt<\/li><li>Barrierefreie Alternative: Keine<\/li><\/ul>\n\n\n\n<h3 class=\"wp-block-heading\">Navigation<\/h3>\n\n\n\n<ul class=\"wp-block-list\"><li>Beschreibung: Die Navigationsleiste verwendet eine ungeordnete Liste<\/li><li>Ma\u00dfnahmen: Bei zuk\u00fcnftiger \u00dcberarbeitung der Seite wird eine geordnete Liste verwendet<\/li><li>Barrierefreie Alternative: Keine<\/li><\/ul>\n\n\n\n<h3 class=\"wp-block-heading\">\u00dcberschriften<\/h3>\n\n\n\n<ul class=\"wp-block-list\"><li>Beschreibung: Auf einigen Seiten ist eine leere \u00dcberschrift mit Link vorhanden<\/li><li>Ma\u00dfnahmen: Bei zuk\u00fcnftiger \u00dcberarbeitung der Seite wird diese leere \u00dcberschrift deaktiviert oder durch eine aussagekr\u00e4ftige \u00dcberschrift ersetzt<\/li><li>Barrierefreie Alternative: Keine<\/li><\/ul>\n\n\n\n<h3 class=\"wp-block-heading\">Texte mit geringem Kontrast<\/h3>\n\n\n\n<ul class=\"wp-block-list\"><li>Beschreibung: Texte besitzen an einigen Stellen einen geringen Kontrast zum Hintergrund<\/li><li>Ma\u00dfnahmen: Bei zuk\u00fcnftiger \u00dcberarbeitung der Seite werden die Text-Farben angepasst<\/li><li>Barrierefreie Alternative: Keine<\/li><\/ul>\n\n\n\n<h3 class=\"wp-block-heading\">Text im rechten Seiten-Bereich<\/h3>\n\n\n\n<ul class=\"wp-block-list\"><li>Beschreibung: Texte im rechten Seiten-Bereich werden teilweise als \u00dcberschrift ausgewiesen. Diese entspricht nicht der zu erwartenden \u00dcberschrift-Ebene, der durch den Seiten-Aufbau erwartet wird<\/li><li>Ma\u00dfnahmen: Bei zuk\u00fcnftiger \u00dcberarbeitung der Seite wird die \u00dcberschrift-Ebene korrigiert<\/li><li>Barrierefreie Alternative: Keine<\/li><\/ul>\n\n\n\n<h3 class=\"wp-block-heading\">Links mit wiederholtem Titel-Text<\/h3>\n\n\n\n<ul class=\"wp-block-list\"><li>Beschreibung: Bei einigen Links ist der Link-Text doppelt vorhanden<\/li><li>Ma\u00dfnahmen: Bei zuk\u00fcnftiger \u00dcberarbeitung der Seite wird der doppelte Titel f\u00fcr Links entfernt<\/li><li>Barrierefreie Alternative: Keine<\/li><\/ul>\n\n\n\n<h3 class=\"wp-block-heading\">Bilder-Slideshow<\/h3>\n\n\n\n<ul class=\"wp-block-list\"><li>Beschreibung: Die Slideshow-Funktion zum Bl\u00e4ttern durch mehrere Bilder verwendet Buttons ohne Beschriftung<\/li><li>Ma\u00dfnahmen: Bei zuk\u00fcnftiger \u00dcberarbeitung der Seite wird versucht die Slideshow-Funktion zu korrigieren oder eine alternative Software-L\u00f6sung zu finden<\/li><li>Barrierefreie Alternative: Keine<\/li><\/ul>\n\n\n\n<h3 class=\"wp-block-heading\">Verlinkungen zu Artikeln<\/h3>\n\n\n\n<ul class=\"wp-block-list\"><li>Beschreibung: Bei der Verlinkung auf Artikel auf anderen Seiten wird in kurzer Folge zweimal auf diese andere Seite verlinkt<\/li><li>Ma\u00dfnahmen: Bei zuk\u00fcnftiger \u00dcberarbeitung der Seite wird versucht die Links zusammenzufassen<\/li><li>Barrierefreie Alternative: Keine<\/li><\/ul>\n\n\n\n<h3 class=\"wp-block-heading\">Unverh\u00e4ltnism\u00e4\u00dfige Belastung<\/h3>\n\n\n\n<p>Teilbereiche, die nicht barrierefrei gestaltet sind, da es eine unverh\u00e4ltnism\u00e4\u00dfige Belastung w\u00e4re (BremBGG \u00a7 13 (5)):<\/p>\n\n\n\n<h3 class=\"wp-block-heading\">Leichte Sprache<\/h3>\n\n\n\n<ul class=\"wp-block-list\"><li>Beschreibung: Inhalte nicht in leichter Sprache vorhanden<\/li><li>Ausf\u00fchrung, warum unverh\u00e4ltnism\u00e4\u00dfige Belastung vorliegt: Es handelt sich um eine Archiv-Seite, an der nicht mehr aktiv gearbeitet wird.<\/li><li>Barrierefreie Alternative: Keine<\/li><\/ul>\n\n\n\n<h2 class=\"wp-block-heading\">Wann wurde die Erkl\u00e4rung zur Barrierefreiheit erstellt?<\/h2>\n\n\n\n<p>Diese Erkl\u00e4rung wurde am 18.10.2022 erstellt bzw. \u00fcberarbeitet.<\/p>\n\n\n\n<h2 class=\"wp-block-heading\">M\u00f6chten Sie Barrieren melden? (Feedback-M\u00f6glichkeit)<\/h2>\n\n\n\n<p>Wir m\u00f6chten unser Angebot gerne weiter verbessern. Teilen Sie uns Ihre Probleme und Fragen zur digitalen Barrierefreiheit gerne mit:<\/p>\n\n\n\n<p><a href=\"mailto:barrierefreiheit@dsm.museum\" data-type=\"mailto\" data-id=\"mailto:barrierefreiheit@dsm.museum\">barrierefreiheit@dsm.museum<\/a><\/p>\n\n\n\n<h2 class=\"wp-block-heading\">Kontakt zur Zentralstelle f\u00fcr barrierefreie Informationstechnik<\/h2>\n\n\n\n<p>Falls Ihre Kontaktaufnahme mit der \u00f6ffentlichen Stelle nicht erfolgreich war, k\u00f6nnen Sie sich an die <a href=\"https:\/\/www.behindertenbeauftragter.bremen.de\/der_beauftragte\/zentralstelle_fuer_barrierefreie_informationstechnik\/beschwerdeformular_zentralstelle-28047\" target=\"_blank\" rel=\"noreferrer noopener\">Zentralstelle f\u00fcr barrierefreie Informationstechnik<\/a> wenden. Diese bietet auch weitere <a href=\"https:\/\/www.behindertenbeauftragter.bremen.de\/der_beauftragte\/zentralstelle_fuer_barrierefreie_informationstechnik-28011\" target=\"_blank\" rel=\"noreferrer noopener\">Informationen zur Durchsetzung<\/a>.<\/p>\n\n\n\n<p><\/p>\n","protected":false},"excerpt":{"rendered":"<p>Wir bem\u00fchen uns, diese Webseite barrierefrei zu machen. Die Erkl\u00e4rung zur Barrierefreiheit wird im Bremischen Behindertengleichstellungsgesetz verlangt. Die technischen Anforderungen zur Barrierefreiheit ergeben sich aus der BITV 2.0. Diese Erkl\u00e4rung zur digitalen Barrierefreiheit gilt f\u00fcr den unter https:\/\/kogge.dsm.museum erreichbaren Webseite des Deutschen Schifffahrtsmuseum. Wie barrierefrei ist das Angebot? Dieses Angebot ist nicht barrierefrei. Es werden [&hellip;]<\/p>\n","protected":false},"author":1,"featured_media":0,"parent":0,"menu_order":0,"comment_status":"closed","ping_status":"closed","template":"","meta":{"footnotes":""},"class_list":["post-744","page","type-page","status-publish","hentry"],"_links":{"self":[{"href":"https:\/\/kogge.dsm.museum\/index.php\/wp-json\/wp\/v2\/pages\/744","targetHints":{"allow":["GET"]}}],"collection":[{"href":"https:\/\/kogge.dsm.museum\/index.php\/wp-json\/wp\/v2\/pages"}],"about":[{"href":"https:\/\/kogge.dsm.museum\/index.php\/wp-json\/wp\/v2\/types\/page"}],"author":[{"embeddable":true,"href":"https:\/\/kogge.dsm.museum\/index.php\/wp-json\/wp\/v2\/users\/1"}],"replies":[{"embeddable":true,"href":"https:\/\/kogge.dsm.museum\/index.php\/wp-json\/wp\/v2\/comments?post=744"}],"version-history":[{"count":6,"href":"https:\/\/kogge.dsm.museum\/index.php\/wp-json\/wp\/v2\/pages\/744\/revisions"}],"predecessor-version":[{"id":757,"href":"https:\/\/kogge.dsm.museum\/index.php\/wp-json\/wp\/v2\/pages\/744\/revisions\/757"}],"wp:attachment":[{"href":"https:\/\/kogge.dsm.museum\/index.php\/wp-json\/wp\/v2\/media?parent=744"}],"curies":[{"name":"wp","href":"https:\/\/api.w.org\/{rel}","templated":true}]}}